{"id":13,"date":"2009-10-21T10:50:51","date_gmt":"2009-10-21T08:50:51","guid":{"rendered":"http:\/\/heimgarten.at\/?page_id=13"},"modified":"2009-10-21T10:50:51","modified_gmt":"2009-10-21T08:50:51","slug":"verein","status":"publish","type":"page","link":"https:\/\/heimgarten.at\/?page_id=13","title":{"rendered":"Verein"},"content":{"rendered":"<p>Unser &#8222;Heimgarten Walter Wusche&#8220; wurde im Jahre 2003 auf einem Teil der ehemaligen Anlage &#8222;Heimgarten Sch\u00f6rgelgasse&#8220; neu gegr\u00fcndet. Durch den Stadtsenatsbeschluss vom 7.11.2003 wurde dieses Grundst\u00fcck zur Dauerkleingartenanlage der Stadt Graz erkl\u00e4rt.<br \/>\nDer Verein ist Mitglied des Landesverbandes der Heimg\u00e4rtner Steiermarks.<\/p>\n<p>Das Grundst\u00fcck umfasst ca. 10.000 m\u00b2 und es gibt 55 Parzellen zwischen ca. 100m\u00b2 und ca. 250 m\u00b2.<\/p>\n<p>Bedingt durch die geringe Anzahl der Mitglieder, sind wir eine famili\u00e4re Heimgartenanlage und eine gr\u00fcne Insel mitten in Graz.<\/p>\n","protected":false},"excerpt":{"rendered":"<p>Unser &#8222;Heimgarten Walter Wusche&#8220; wurde im Jahre 2003 auf einem Teil der ehemaligen Anlage &#8222;Heimgarten Sch\u00f6rgelgasse&#8220; neu gegr\u00fcndet. Durch den Stadtsenatsbeschluss vom 7.11.2003 wurde dieses Grundst\u00fcck zur Dauerkleingartenanlage der Stadt Graz erkl\u00e4rt. Der Verein ist Mitglied des Landesverbandes der Heimg\u00e4rtner Steiermarks. Das Grundst\u00fcck umfasst ca. 10.000 m\u00b2 und es gibt 55 Parzellen zwischen ca. 100m\u00b2 [&hellip;]<\/p>\n","protected":false},"author":1,"featured_media":0,"parent":0,"menu_order":0,"comment_status":"open","ping_status":"open","template":"","meta":{"ngg_post_thumbnail":0,"footnotes":""},"class_list":["post-13","page","type-page","status-publish","hentry"],"_links":{"self":[{"href":"https:\/\/heimgarten.at\/index.php?rest_route=\/wp\/v2\/pages\/13","targetHints":{"allow":["GET"]}}],"collection":[{"href":"https:\/\/heimgarten.at\/index.php?rest_route=\/wp\/v2\/pages"}],"about":[{"href":"https:\/\/heimgarten.at\/index.php?rest_route=\/wp\/v2\/types\/page"}],"author":[{"embeddable":true,"href":"https:\/\/heimgarten.at\/index.php?rest_route=\/wp\/v2\/users\/1"}],"replies":[{"embeddable":true,"href":"https:\/\/heimgarten.at\/index.php?rest_route=%2Fwp%2Fv2%2Fcomments&post=13"}],"version-history":[{"count":0,"href":"https:\/\/heimgarten.at\/index.php?rest_route=\/wp\/v2\/pages\/13\/revisions"}],"wp:attachment":[{"href":"https:\/\/heimgarten.at\/index.php?rest_route=%2Fwp%2Fv2%2Fmedia&parent=13"}],"curies":[{"name":"wp","href":"https:\/\/api.w.org\/{rel}","templated":true}]}}